{"id":7,"date":"2021-05-05T12:43:58","date_gmt":"2021-05-05T10:43:58","guid":{"rendered":"https:\/\/www.lead-automation.eu\/?page_id=7"},"modified":"2025-12-19T14:18:50","modified_gmt":"2025-12-19T13:18:50","slug":"home-page","status":"publish","type":"page","link":"https:\/\/www.lead-automation.eu\/sk\/","title":{"rendered":"\u00davodn\u00e1 str\u00e1nka"},"content":{"rendered":"","protected":false},"excerpt":{"rendered":"","protected":false},"author":1,"featured_media":0,"parent":0,"menu_order":0,"comment_status":"closed","ping_status":"closed","template":"","meta":{"_acf_changed":false,"footnotes":""},"class_list":["post-7","page","type-page","status-publish","hentry"],"acf":[],"yoast_head":"<!-- This site is optimized with the Yoast SEO plugin v24.4 - https:\/\/yoast.com\/wordpress\/plugins\/seo\/ -->\n<title>Lead Automation<\/title>\n<meta name=\"robots\" content=\"index, follow, max-snippet:-1, max-image-preview:large, max-video-preview:-1\" \/>\n<link rel=\"canonical\" href=\"https:\/\/www.lead-automation.eu\/sk\/\" \/>\n<meta property=\"og:locale\" content=\"sk_SK\" \/>\n<meta property=\"og:type\" content=\"article\" \/>\n<meta property=\"og:title\" content=\"Lead Automation\" \/>\n<meta property=\"og:url\" content=\"https:\/\/www.lead-automation.eu\/sk\/\" \/>\n<meta property=\"og:site_name\" content=\"Lead Automation\" \/>\n<meta property=\"article:modified_time\" content=\"2025-12-19T13:18:50+00:00\" \/>\n<meta name=\"twitter:card\" content=\"summary_large_image\" \/>\n<script type=\"application\/ld+json\" class=\"yoast-schema-graph\">{\"@context\":\"https:\/\/schema.org\",\"@graph\":[{\"@type\":\"WebPage\",\"@id\":\"https:\/\/www.lead-automation.eu\/sk\/\",\"url\":\"https:\/\/www.lead-automation.eu\/sk\/\",\"name\":\"Lead Automation\",\"isPartOf\":{\"@id\":\"https:\/\/www.lead-automation.eu\/sk\/#website\"},\"datePublished\":\"2021-05-05T10:43:58+00:00\",\"dateModified\":\"2025-12-19T13:18:50+00:00\",\"breadcrumb\":{\"@id\":\"https:\/\/www.lead-automation.eu\/sk\/#breadcrumb\"},\"inLanguage\":\"sk-SK\",\"potentialAction\":[{\"@type\":\"ReadAction\",\"target\":[\"https:\/\/www.lead-automation.eu\/sk\/\"]}]},{\"@type\":\"BreadcrumbList\",\"@id\":\"https:\/\/www.lead-automation.eu\/sk\/#breadcrumb\",\"itemListElement\":[{\"@type\":\"ListItem\",\"position\":1,\"name\":\"Domovsk\u00e1 str\u00e1nka\",\"item\":\"https:\/\/www.lead-automation.eu\/sk\/\"},{\"@type\":\"ListItem\",\"position\":2,\"name\":\"\u00davodn\u00e1 str\u00e1nka\"}]},{\"@type\":\"WebSite\",\"@id\":\"https:\/\/www.lead-automation.eu\/sk\/#website\",\"url\":\"https:\/\/www.lead-automation.eu\/sk\/\",\"name\":\"Lead Automation\",\"description\":\"\",\"potentialAction\":[{\"@type\":\"SearchAction\",\"target\":{\"@type\":\"EntryPoint\",\"urlTemplate\":\"https:\/\/www.lead-automation.eu\/sk\/?s={search_term_string}\"},\"query-input\":{\"@type\":\"PropertyValueSpecification\",\"valueRequired\":true,\"valueName\":\"search_term_string\"}}],\"inLanguage\":\"sk-SK\"}]}<\/script>\n<!-- \/ Yoast SEO plugin. -->","yoast_head_json":{"title":"Lead Automation","robots":{"index":"index","follow":"follow","max-snippet":"max-snippet:-1","max-image-preview":"max-image-preview:large","max-video-preview":"max-video-preview:-1"},"canonical":"https:\/\/www.lead-automation.eu\/sk\/","og_locale":"sk_SK","og_type":"article","og_title":"Lead Automation","og_url":"https:\/\/www.lead-automation.eu\/sk\/","og_site_name":"Lead Automation","article_modified_time":"2025-12-19T13:18:50+00:00","twitter_card":"summary_large_image","schema":{"@context":"https:\/\/schema.org","@graph":[{"@type":"WebPage","@id":"https:\/\/www.lead-automation.eu\/sk\/","url":"https:\/\/www.lead-automation.eu\/sk\/","name":"Lead Automation","isPartOf":{"@id":"https:\/\/www.lead-automation.eu\/sk\/#website"},"datePublished":"2021-05-05T10:43:58+00:00","dateModified":"2025-12-19T13:18:50+00:00","breadcrumb":{"@id":"https:\/\/www.lead-automation.eu\/sk\/#breadcrumb"},"inLanguage":"sk-SK","potentialAction":[{"@type":"ReadAction","target":["https:\/\/www.lead-automation.eu\/sk\/"]}]},{"@type":"BreadcrumbList","@id":"https:\/\/www.lead-automation.eu\/sk\/#breadcrumb","itemListElement":[{"@type":"ListItem","position":1,"name":"Domovsk\u00e1 str\u00e1nka","item":"https:\/\/www.lead-automation.eu\/sk\/"},{"@type":"ListItem","position":2,"name":"\u00davodn\u00e1 str\u00e1nka"}]},{"@type":"WebSite","@id":"https:\/\/www.lead-automation.eu\/sk\/#website","url":"https:\/\/www.lead-automation.eu\/sk\/","name":"Lead Automation","description":"","potentialAction":[{"@type":"SearchAction","target":{"@type":"EntryPoint","urlTemplate":"https:\/\/www.lead-automation.eu\/sk\/?s={search_term_string}"},"query-input":{"@type":"PropertyValueSpecification","valueRequired":true,"valueName":"search_term_string"}}],"inLanguage":"sk-SK"}]}},"_links":{"self":[{"href":"https:\/\/www.lead-automation.eu\/sk\/wp-json\/wp\/v2\/pages\/7","targetHints":{"allow":["GET"]}}],"collection":[{"href":"https:\/\/www.lead-automation.eu\/sk\/wp-json\/wp\/v2\/pages"}],"about":[{"href":"https:\/\/www.lead-automation.eu\/sk\/wp-json\/wp\/v2\/types\/page"}],"author":[{"embeddable":true,"href":"https:\/\/www.lead-automation.eu\/sk\/wp-json\/wp\/v2\/users\/1"}],"replies":[{"embeddable":true,"href":"https:\/\/www.lead-automation.eu\/sk\/wp-json\/wp\/v2\/comments?post=7"}],"version-history":[{"count":24,"href":"https:\/\/www.lead-automation.eu\/sk\/wp-json\/wp\/v2\/pages\/7\/revisions"}],"predecessor-version":[{"id":1080,"href":"https:\/\/www.lead-automation.eu\/sk\/wp-json\/wp\/v2\/pages\/7\/revisions\/1080"}],"wp:attachment":[{"href":"https:\/\/www.lead-automation.eu\/sk\/wp-json\/wp\/v2\/media?parent=7"}],"curies":[{"name":"wp","href":"https:\/\/api.w.org\/{rel}","templated":true}]}}